{"id":7,"date":"2023-05-29T16:15:22","date_gmt":"2023-05-29T16:15:22","guid":{"rendered":"https:\/\/zirhliprefabrik.com.tr\/?page_id=7"},"modified":"2023-05-29T16:15:22","modified_gmt":"2023-05-29T16:15:22","slug":"hakkimizda","status":"publish","type":"page","link":"https:\/\/zirhliprefabrik.com.tr\/?page_id=7","title":{"rendered":"Hakk\u0131m\u0131zda"},"content":{"rendered":"\n<p>1976 senesinde Karak\u00f6y Per\u015fembe Pazar\u0131\u2019nda ba\u015flayan imalat maceram\u0131z Y\u0131ld\u0131z Teknik \u00dcniversitesi teorik e\u011fitimi ve piyasalar\u0131n pratik yo\u011furmas\u0131yla \u00f6n\u00fcretimli bar\u0131naklar, konteynerler, \u00e7elik binalar, roll form teknolojileri ile ge\u00e7en 45 sene sonras\u0131nda pazarda eksikli\u011fi duyulan kaliteli bar\u0131nak ihtiyac\u0131na olumlu bir perspektif kazand\u0131rmak amac\u0131yla Elaz\u0131\u011f Organize Sanayi B\u00f6lgesi\u2019nde 1000 m2 alanda ZIRHLI BARINMA \u00c7\u00d6Z\u00dcMLER\u0130 markas\u0131yla hizmet vererek devam ediyor.<\/p>\n","protected":false},"excerpt":{"rendered":"<p>1976 senesinde Karak\u00f6y Per\u015fembe Pazar\u0131\u2019nda ba\u015flayan imalat maceram\u0131z Y\u0131ld\u0131z Teknik \u00dcniversitesi teorik e\u011fitimi ve piyasalar\u0131n [&hellip;]<\/p>\n","protected":false},"author":1,"featured_media":0,"parent":0,"menu_order":0,"comment_status":"closed","ping_status":"closed","template":"","meta":{"footnotes":""},"class_list":["post-7","page","type-page","status-publish","hentry"],"yoast_head":"<!-- This site is optimized with the Yoast SEO plugin v22.9 - https:\/\/yoast.com\/wordpress\/plugins\/seo\/ -->\n<title>Hakk\u0131m\u0131zda - Z\u0131rhl\u0131 Prefabrik<\/title>\n<meta name=\"robots\" content=\"index, follow, max-snippet:-1, max-image-preview:large, max-video-preview:-1\" \/>\n<link rel=\"canonical\" href=\"https:\/\/zirhliprefabrik.com.tr\/?page_id=7\" \/>\n<meta property=\"og:locale\" content=\"tr_TR\" \/>\n<meta property=\"og:type\" content=\"article\" \/>\n<meta property=\"og:title\" content=\"Hakk\u0131m\u0131zda - Z\u0131rhl\u0131 Prefabrik\" \/>\n<meta property=\"og:description\" content=\"1976 senesinde Karak\u00f6y Per\u015fembe Pazar\u0131\u2019nda ba\u015flayan imalat maceram\u0131z Y\u0131ld\u0131z Teknik \u00dcniversitesi teorik e\u011fitimi ve piyasalar\u0131n [&hellip;]\" \/>\n<meta property=\"og:url\" content=\"https:\/\/zirhliprefabrik.com.tr\/?page_id=7\" \/>\n<meta property=\"og:site_name\" content=\"Z\u0131rhl\u0131 Prefabrik\" \/>\n<meta name=\"twitter:card\" content=\"summary_large_image\" \/>\n<script type=\"application\/ld+json\" class=\"yoast-schema-graph\">{\"@context\":\"https:\/\/schema.org\",\"@graph\":[{\"@type\":\"WebPage\",\"@id\":\"https:\/\/zirhliprefabrik.com.tr\/?page_id=7\",\"url\":\"https:\/\/zirhliprefabrik.com.tr\/?page_id=7\",\"name\":\"Hakk\u0131m\u0131zda - Z\u0131rhl\u0131 Prefabrik\",\"isPartOf\":{\"@id\":\"https:\/\/zirhliprefabrik.com.tr\/#website\"},\"datePublished\":\"2023-05-29T16:15:22+00:00\",\"dateModified\":\"2023-05-29T16:15:22+00:00\",\"breadcrumb\":{\"@id\":\"https:\/\/zirhliprefabrik.com.tr\/?page_id=7#breadcrumb\"},\"inLanguage\":\"tr\",\"potentialAction\":[{\"@type\":\"ReadAction\",\"target\":[\"https:\/\/zirhliprefabrik.com.tr\/?page_id=7\"]}]},{\"@type\":\"BreadcrumbList\",\"@id\":\"https:\/\/zirhliprefabrik.com.tr\/?page_id=7#breadcrumb\",\"itemListElement\":[{\"@type\":\"ListItem\",\"position\":1,\"name\":\"Anasayfa\",\"item\":\"https:\/\/zirhliprefabrik.com.tr\/\"},{\"@type\":\"ListItem\",\"position\":2,\"name\":\"Hakk\u0131m\u0131zda\"}]},{\"@type\":\"WebSite\",\"@id\":\"https:\/\/zirhliprefabrik.com.tr\/#website\",\"url\":\"https:\/\/zirhliprefabrik.com.tr\/\",\"name\":\"Z\u0131rhl\u0131 Prefabrik\",\"description\":\"Depreme Dayan\u0131kl\u0131 Ekonomik Prefabrike Yap\u0131lar\",\"publisher\":{\"@id\":\"https:\/\/zirhliprefabrik.com.tr\/#organization\"},\"potentialAction\":[{\"@type\":\"SearchAction\",\"target\":{\"@type\":\"EntryPoint\",\"urlTemplate\":\"https:\/\/zirhliprefabrik.com.tr\/?s={search_term_string}\"},\"query-input\":\"required name=search_term_string\"}],\"inLanguage\":\"tr\"},{\"@type\":\"Organization\",\"@id\":\"https:\/\/zirhliprefabrik.com.tr\/#organization\",\"name\":\"Z\u0131rhl\u0131 Prefabrik\",\"url\":\"https:\/\/zirhliprefabrik.com.tr\/\",\"logo\":{\"@type\":\"ImageObject\",\"inLanguage\":\"tr\",\"@id\":\"https:\/\/zirhliprefabrik.com.tr\/#\/schema\/logo\/image\/\",\"url\":\"https:\/\/zirhliprefabrik.com.tr\/wp-content\/uploads\/2023\/05\/12cc42c9-49fb-4178-9624-bb86b676d924.jpeg\",\"contentUrl\":\"https:\/\/zirhliprefabrik.com.tr\/wp-content\/uploads\/2023\/05\/12cc42c9-49fb-4178-9624-bb86b676d924.jpeg\",\"width\":1407,\"height\":1407,\"caption\":\"Z\u0131rhl\u0131 Prefabrik\"},\"image\":{\"@id\":\"https:\/\/zirhliprefabrik.com.tr\/#\/schema\/logo\/image\/\"},\"sameAs\":[\"https:\/\/www.instagram.com\/zirhliprefabrik\"]}]}<\/script>\n<!-- \/ Yoast SEO plugin. -->","yoast_head_json":{"title":"Hakk\u0131m\u0131zda - Z\u0131rhl\u0131 Prefabrik","robots":{"index":"index","follow":"follow","max-snippet":"max-snippet:-1","max-image-preview":"max-image-preview:large","max-video-preview":"max-video-preview:-1"},"canonical":"https:\/\/zirhliprefabrik.com.tr\/?page_id=7","og_locale":"tr_TR","og_type":"article","og_title":"Hakk\u0131m\u0131zda - Z\u0131rhl\u0131 Prefabrik","og_description":"1976 senesinde Karak\u00f6y Per\u015fembe Pazar\u0131\u2019nda ba\u015flayan imalat maceram\u0131z Y\u0131ld\u0131z Teknik \u00dcniversitesi teorik e\u011fitimi ve piyasalar\u0131n [&hellip;]","og_url":"https:\/\/zirhliprefabrik.com.tr\/?page_id=7","og_site_name":"Z\u0131rhl\u0131 Prefabrik","twitter_card":"summary_large_image","schema":{"@context":"https:\/\/schema.org","@graph":[{"@type":"WebPage","@id":"https:\/\/zirhliprefabrik.com.tr\/?page_id=7","url":"https:\/\/zirhliprefabrik.com.tr\/?page_id=7","name":"Hakk\u0131m\u0131zda - Z\u0131rhl\u0131 Prefabrik","isPartOf":{"@id":"https:\/\/zirhliprefabrik.com.tr\/#website"},"datePublished":"2023-05-29T16:15:22+00:00","dateModified":"2023-05-29T16:15:22+00:00","breadcrumb":{"@id":"https:\/\/zirhliprefabrik.com.tr\/?page_id=7#breadcrumb"},"inLanguage":"tr","potentialAction":[{"@type":"ReadAction","target":["https:\/\/zirhliprefabrik.com.tr\/?page_id=7"]}]},{"@type":"BreadcrumbList","@id":"https:\/\/zirhliprefabrik.com.tr\/?page_id=7#breadcrumb","itemListElement":[{"@type":"ListItem","position":1,"name":"Anasayfa","item":"https:\/\/zirhliprefabrik.com.tr\/"},{"@type":"ListItem","position":2,"name":"Hakk\u0131m\u0131zda"}]},{"@type":"WebSite","@id":"https:\/\/zirhliprefabrik.com.tr\/#website","url":"https:\/\/zirhliprefabrik.com.tr\/","name":"Z\u0131rhl\u0131 Prefabrik","description":"Depreme Dayan\u0131kl\u0131 Ekonomik Prefabrike Yap\u0131lar","publisher":{"@id":"https:\/\/zirhliprefabrik.com.tr\/#organization"},"potentialAction":[{"@type":"SearchAction","target":{"@type":"EntryPoint","urlTemplate":"https:\/\/zirhliprefabrik.com.tr\/?s={search_term_string}"},"query-input":"required name=search_term_string"}],"inLanguage":"tr"},{"@type":"Organization","@id":"https:\/\/zirhliprefabrik.com.tr\/#organization","name":"Z\u0131rhl\u0131 Prefabrik","url":"https:\/\/zirhliprefabrik.com.tr\/","logo":{"@type":"ImageObject","inLanguage":"tr","@id":"https:\/\/zirhliprefabrik.com.tr\/#\/schema\/logo\/image\/","url":"https:\/\/zirhliprefabrik.com.tr\/wp-content\/uploads\/2023\/05\/12cc42c9-49fb-4178-9624-bb86b676d924.jpeg","contentUrl":"https:\/\/zirhliprefabrik.com.tr\/wp-content\/uploads\/2023\/05\/12cc42c9-49fb-4178-9624-bb86b676d924.jpeg","width":1407,"height":1407,"caption":"Z\u0131rhl\u0131 Prefabrik"},"image":{"@id":"https:\/\/zirhliprefabrik.com.tr\/#\/schema\/logo\/image\/"},"sameAs":["https:\/\/www.instagram.com\/zirhliprefabrik"]}]}},"_links":{"self":[{"href":"https:\/\/zirhliprefabrik.com.tr\/index.php?rest_route=\/wp\/v2\/pages\/7","targetHints":{"allow":["GET"]}}],"collection":[{"href":"https:\/\/zirhliprefabrik.com.tr\/index.php?rest_route=\/wp\/v2\/pages"}],"about":[{"href":"https:\/\/zirhliprefabrik.com.tr\/index.php?rest_route=\/wp\/v2\/types\/page"}],"author":[{"embeddable":true,"href":"https:\/\/zirhliprefabrik.com.tr\/index.php?rest_route=\/wp\/v2\/users\/1"}],"replies":[{"embeddable":true,"href":"https:\/\/zirhliprefabrik.com.tr\/index.php?rest_route=%2Fwp%2Fv2%2Fcomments&post=7"}],"version-history":[{"count":1,"href":"https:\/\/zirhliprefabrik.com.tr\/index.php?rest_route=\/wp\/v2\/pages\/7\/revisions"}],"predecessor-version":[{"id":126,"href":"https:\/\/zirhliprefabrik.com.tr\/index.php?rest_route=\/wp\/v2\/pages\/7\/revisions\/126"}],"wp:attachment":[{"href":"https:\/\/zirhliprefabrik.com.tr\/index.php?rest_route=%2Fwp%2Fv2%2Fmedia&parent=7"}],"curies":[{"name":"wp","href":"https:\/\/api.w.org\/{rel}","templated":true}]}}